{"id":31,"date":"2022-12-13T01:07:00","date_gmt":"2022-12-13T04:07:00","guid":{"rendered":"https:\/\/vivereducacional.com.br\/?page_id=31"},"modified":"2022-12-13T01:07:00","modified_gmt":"2022-12-13T04:07:00","slug":"contato","status":"publish","type":"page","link":"https:\/\/a4it.com.br\/?page_id=31","title":{"rendered":"Contato"},"content":{"rendered":"<p>Viver Educacional<br \/>\n                      Whatsapp &#8211; 11 97833-4850<\/p>\n<p>                      Siga-nos<\/p>\n<p>                      \u00a92022 Direitos Reservados<\/p>\n<p>                      Fa\u00e7a sua pr\u00e9 matr\u00edcula<\/p>\n<p>                            Name<\/p>\n<p>                            Email<\/p>\n<p>                            ENVIAR<\/p>\n<p>                           Thank you! Your message has been sent.<br \/>\n                           Unable to send your message. Please fix errors then try again.<\/p>\n","protected":false},"excerpt":{"rendered":"<p>Viver Educacional Whatsapp &#8211; 11 97833-4850 Siga-nos \u00a92022 Direitos Reservados Fa\u00e7a sua pr\u00e9 matr\u00edcula Name Email ENVIAR Thank you! Your message has been sent. Unable to send your message. Please fix errors then try again.<\/p>\n","protected":false},"author":1,"featured_media":0,"parent":0,"menu_order":1,"comment_status":"closed","ping_status":"closed","template":"","meta":{"footnotes":""},"class_list":["post-31","page","type-page","status-publish","hentry"],"_links":{"self":[{"href":"https:\/\/a4it.com.br\/index.php?rest_route=\/wp\/v2\/pages\/31","targetHints":{"allow":["GET"]}}],"collection":[{"href":"https:\/\/a4it.com.br\/index.php?rest_route=\/wp\/v2\/pages"}],"about":[{"href":"https:\/\/a4it.com.br\/index.php?rest_route=\/wp\/v2\/types\/page"}],"author":[{"embeddable":true,"href":"https:\/\/a4it.com.br\/index.php?rest_route=\/wp\/v2\/users\/1"}],"replies":[{"embeddable":true,"href":"https:\/\/a4it.com.br\/index.php?rest_route=%2Fwp%2Fv2%2Fcomments&post=31"}],"version-history":[{"count":0,"href":"https:\/\/a4it.com.br\/index.php?rest_route=\/wp\/v2\/pages\/31\/revisions"}],"wp:attachment":[{"href":"https:\/\/a4it.com.br\/index.php?rest_route=%2Fwp%2Fv2%2Fmedia&parent=31"}],"curies":[{"name":"wp","href":"https:\/\/api.w.org\/{rel}","templated":true}]}}