{"id":32,"date":"2022-12-13T01:07:01","date_gmt":"2022-12-13T04:07:01","guid":{"rendered":"https:\/\/vivereducacional.com.br\/?page_id=32"},"modified":"2022-12-13T01:07:01","modified_gmt":"2022-12-13T04:07:01","slug":"pagina-inicial","status":"publish","type":"page","link":"https:\/\/a4it.com.br\/?page_id=32","title":{"rendered":"Viver Educacioal"},"content":{"rendered":"<p>SUPLETIVO EJA &#8211; EAD<br \/>\n                        Conclua seus estudos ensino fundamental e m\u00e9dio estudando a dist\u00e2ncia em 30 dias<\/p>\n<p>                      &#8211; Certificado Reconhecido (Secretaria de Educa\u00e7\u00e3o\/MEC)- Plataforma Completa de ensino a dist\u00e2ncia- Publicado em di\u00e1rio oficial- Estude na plataforma ou fa\u00e7a provas eliminat\u00f3rias<\/p>\n<p>                        &#8211; Acesso liberado a plataforma em 24h<\/p>\n<p>                      Fa\u00e7a sua pr\u00e9 matr\u00edcula<\/p>\n<p>                            Name<\/p>\n<p>                            Email<\/p>\n<p>                            ENVIAR<\/p>\n<p>                          Obrigado ! Sua mensagem foi enviada.<br \/>\n                          N\u00e3o foi poss\u00edvel enviar. Tente novamente.<\/p>\n<p>        Nossos Planos<\/p>\n<p>                Padr\u00e3o<br \/>\n                Forma\u00e7\u00e3o Ensino M\u00e9dioPlataforma EAD100% Online<\/p>\n<p>                SAIBA MAIS<\/p>\n<p>                &nbsp;Padr\u00e3o Acelerado<br \/>\n                Forma\u00e7\u00e3o Ensino M\u00e9dioRealiza\u00e7\u00e3o de Prova100% Online<\/p>\n<p>                SAIBA MAIS<\/p>\n<p>                Completo<br \/>\n                Forma\u00e7\u00e3o Ensino Fundamental e M\u00e9dioPlatforma EAD&nbsp;100% Online<\/p>\n<p>                SAIBA MAIS<\/p>\n<p>                Completo Acelerado<br \/>\n                Forma\u00e7\u00e3o Ensino Fundamental e M\u00e9dio Realiza\u00e7\u00e3o de provas100% Online<\/p>\n<p>                SAIBA MAIS<\/p>\n<p>        ESTUDE NO SEU TEMPO<\/p>\n<p>                n\u00e3o tem tempo para estudar<\/p>\n<p>                 Atrave\u0301s da plataforma online, voce\u0302 podera\u0301 estudar de acordo com a sua disponibilidade de tempo, na\u0303o importa onde voce\u0302 esteja, basta ter acesso a internet para estudar. Flexibilidade para estudar, 100% Online.<\/p>\n<p>                suporte para quem precisar<\/p>\n<p>                 No EAD, voce\u0302 tem todo suporte on-line, para estudar no conforto e seguranc\u0327a da sua casa, em uma plataforma completa, com conteu\u0301do, exerci\u0301cios, apostilas, simulados, provas. Com todo apoio necess\u00e1rio para apoiar seus estudos.<\/p>\n<p>                no conforto da sua casa<\/p>\n<p>                 De\u0302 hoje mesmo um passo a\u0300 frente no seu futuro! Conosco voce\u0302 ira\u0301 estudar no conforto da sua casa.&nbsp;Realizar as etapas exigidas pela escola e obter a sua ta\u0303o sonhada conclusa\u0303o do ensino me\u0301dio.<\/p>\n","protected":false},"excerpt":{"rendered":"<p>SUPLETIVO EJA &#8211; EAD Conclua seus estudos ensino fundamental e m\u00e9dio estudando a dist\u00e2ncia em 30 dias &#8211; Certificado Reconhecido (Secretaria de Educa\u00e7\u00e3o\/MEC)- Plataforma Completa de ensino a dist\u00e2ncia- Publicado em di\u00e1rio oficial- Estude na plataforma ou fa\u00e7a provas eliminat\u00f3rias &#8211; Acesso liberado a plataforma em 24h Fa\u00e7a sua pr\u00e9 matr\u00edcula Name Email ENVIAR Obrigado [&hellip;]<\/p>\n","protected":false},"author":1,"featured_media":0,"parent":0,"menu_order":2,"comment_status":"closed","ping_status":"closed","template":"","meta":{"footnotes":""},"class_list":["post-32","page","type-page","status-publish","hentry"],"_links":{"self":[{"href":"https:\/\/a4it.com.br\/index.php?rest_route=\/wp\/v2\/pages\/32","targetHints":{"allow":["GET"]}}],"collection":[{"href":"https:\/\/a4it.com.br\/index.php?rest_route=\/wp\/v2\/pages"}],"about":[{"href":"https:\/\/a4it.com.br\/index.php?rest_route=\/wp\/v2\/types\/page"}],"author":[{"embeddable":true,"href":"https:\/\/a4it.com.br\/index.php?rest_route=\/wp\/v2\/users\/1"}],"replies":[{"embeddable":true,"href":"https:\/\/a4it.com.br\/index.php?rest_route=%2Fwp%2Fv2%2Fcomments&post=32"}],"version-history":[{"count":0,"href":"https:\/\/a4it.com.br\/index.php?rest_route=\/wp\/v2\/pages\/32\/revisions"}],"wp:attachment":[{"href":"https:\/\/a4it.com.br\/index.php?rest_route=%2Fwp%2Fv2%2Fmedia&parent=32"}],"curies":[{"name":"wp","href":"https:\/\/api.w.org\/{rel}","templated":true}]}}