{"id":33,"date":"2022-12-13T01:07:02","date_gmt":"2022-12-13T04:07:02","guid":{"rendered":"https:\/\/vivereducacional.com.br\/?page_id=33"},"modified":"2022-12-13T01:07:02","modified_gmt":"2022-12-13T04:07:02","slug":"sobre","status":"publish","type":"page","link":"https:\/\/a4it.com.br\/?page_id=33","title":{"rendered":"Sobre"},"content":{"rendered":"<p>Sobre N\u00f3s<\/p>\n<p>                Somos uma escola que tem como foco o ensino de qualidade para nossos alunos de todo o Brasil com profissionalismo e inova\u00e7\u00e3o na \u00e1rea de Educa\u00e7\u00e3o \u00e0 Dist\u00e2ncia.Buscando atuar com excel\u00eancia no processo de forma\u00e7\u00e3o de alunos<br \/>\n                  A Viver Educacional tem como objetivo realizar sonhos atrav\u00e9s da educa\u00e7\u00e3o.<\/p>\n<p>                Polo Autorizado Unicanto<\/p>\n","protected":false},"excerpt":{"rendered":"<p>Sobre N\u00f3s Somos uma escola que tem como foco o ensino de qualidade para nossos alunos de todo o Brasil com profissionalismo e inova\u00e7\u00e3o na \u00e1rea de Educa\u00e7\u00e3o \u00e0 Dist\u00e2ncia.Buscando atuar com excel\u00eancia no processo de forma\u00e7\u00e3o de alunos A Viver Educacional tem como objetivo realizar sonhos atrav\u00e9s da educa\u00e7\u00e3o. Polo Autorizado Unicanto<\/p>\n","protected":false},"author":1,"featured_media":0,"parent":0,"menu_order":3,"comment_status":"closed","ping_status":"closed","template":"","meta":{"footnotes":""},"class_list":["post-33","page","type-page","status-publish","hentry"],"_links":{"self":[{"href":"https:\/\/a4it.com.br\/index.php?rest_route=\/wp\/v2\/pages\/33","targetHints":{"allow":["GET"]}}],"collection":[{"href":"https:\/\/a4it.com.br\/index.php?rest_route=\/wp\/v2\/pages"}],"about":[{"href":"https:\/\/a4it.com.br\/index.php?rest_route=\/wp\/v2\/types\/page"}],"author":[{"embeddable":true,"href":"https:\/\/a4it.com.br\/index.php?rest_route=\/wp\/v2\/users\/1"}],"replies":[{"embeddable":true,"href":"https:\/\/a4it.com.br\/index.php?rest_route=%2Fwp%2Fv2%2Fcomments&post=33"}],"version-history":[{"count":0,"href":"https:\/\/a4it.com.br\/index.php?rest_route=\/wp\/v2\/pages\/33\/revisions"}],"wp:attachment":[{"href":"https:\/\/a4it.com.br\/index.php?rest_route=%2Fwp%2Fv2%2Fmedia&parent=33"}],"curies":[{"name":"wp","href":"https:\/\/api.w.org\/{rel}","templated":true}]}}